{"id":24,"date":"2013-07-08T13:09:44","date_gmt":"2013-07-08T17:09:44","guid":{"rendered":"http:\/\/facettesdan.wordpress.com\/?page_id=24"},"modified":"2015-08-07T14:20:04","modified_gmt":"2015-08-07T18:20:04","slug":"rapports","status":"publish","type":"page","link":"https:\/\/infran.ebsi.umontreal.ca\/?page_id=24","title":{"rendered":"Rapports de recherche"},"content":{"rendered":"<h2><a title=\"Inventaire des interfaces de recherche \u00e0 facettes\" href=\"http:\/\/facettes.webatu.com\/?page_id=227\">Inventaire des interfaces de recherche \u00e0 facettes<\/a><\/h2>\n<p>(Cliquez sur le titre pour acc\u00e9der au rapport)<\/p>\n<p>&nbsp;<\/p>\n<h2><a title=\"Synth\u00e8se sur les \u00e9valuations d\u2019utilisabilit\u00e9 \u00e0 facettes\" href=\"http:\/\/facettes.webatu.com\/?page_id=179\">Synth\u00e8se sur les \u00e9valuations d\u2019utilisabilit\u00e9 \u00e0 facettes<\/a><\/h2>\n<p>(Cliquez sur le titre pour acc\u00e9der au rapport)<\/p>\n<p>&nbsp;<\/p>\n<h2><a title=\"Tableaux des facettes et descriptieurs des OPAC par institution\" href=\"http:\/\/facettes.webatu.com\/?page_id=394\">Tableaux des facettes et descripteurs des OPAC par institution<\/a><\/h2>\n<p>(Cliquez sur le titre pour acc\u00e9der au rapport)<\/p>\n","protected":false},"excerpt":{"rendered":"<p>Inventaire des interfaces de recherche \u00e0 facettes (Cliquez sur le titre pour acc\u00e9der au rapport) &nbsp; Synth\u00e8se sur les \u00e9valuations d\u2019utilisabilit\u00e9 \u00e0 facettes (Cliquez sur le titre pour acc\u00e9der au rapport) &nbsp; Tableaux des facettes et descripteurs des OPAC par institution (Cliquez sur le titre pour acc\u00e9der au rapport)<\/p>\n","protected":false},"author":12,"featured_media":0,"parent":0,"menu_order":3,"comment_status":"closed","ping_status":"closed","template":"","meta":{"footnotes":""},"class_list":["post-24","page","type-page","status-publish","hentry"],"_links":{"self":[{"href":"https:\/\/infran.ebsi.umontreal.ca\/index.php?rest_route=\/wp\/v2\/pages\/24","targetHints":{"allow":["GET"]}}],"collection":[{"href":"https:\/\/infran.ebsi.umontreal.ca\/index.php?rest_route=\/wp\/v2\/pages"}],"about":[{"href":"https:\/\/infran.ebsi.umontreal.ca\/index.php?rest_route=\/wp\/v2\/types\/page"}],"author":[{"embeddable":true,"href":"https:\/\/infran.ebsi.umontreal.ca\/index.php?rest_route=\/wp\/v2\/users\/12"}],"replies":[{"embeddable":true,"href":"https:\/\/infran.ebsi.umontreal.ca\/index.php?rest_route=%2Fwp%2Fv2%2Fcomments&post=24"}],"version-history":[{"count":13,"href":"https:\/\/infran.ebsi.umontreal.ca\/index.php?rest_route=\/wp\/v2\/pages\/24\/revisions"}],"predecessor-version":[{"id":1088,"href":"https:\/\/infran.ebsi.umontreal.ca\/index.php?rest_route=\/wp\/v2\/pages\/24\/revisions\/1088"}],"wp:attachment":[{"href":"https:\/\/infran.ebsi.umontreal.ca\/index.php?rest_route=%2Fwp%2Fv2%2Fmedia&parent=24"}],"curies":[{"name":"wp","href":"https:\/\/api.w.org\/{rel}","templated":true}]}}