{"id":664,"date":"2013-08-07T16:07:38","date_gmt":"2013-08-07T20:07:38","guid":{"rendered":"http:\/\/facettes.webatu.com\/?page_id=664"},"modified":"2015-08-07T14:37:24","modified_gmt":"2015-08-07T18:37:24","slug":"equipe-de-recherche","status":"publish","type":"page","link":"https:\/\/infran.ebsi.umontreal.ca\/?page_id=664","title":{"rendered":"\u00c9quipe de recherche"},"content":{"rendered":"<h2><strong>Chercheuse principale<\/strong><\/h2>\n<p><strong>Sabine Mas, Ph. D<\/strong><br \/>\nProfesseure agr\u00e9g\u00e9e<\/p>\n<p>Facult\u00e9 des arts des sciences<br \/>\n\u00c9cole de biblioth\u00e9conomie et des sciences de l&rsquo;information<br \/>\nUniversit\u00e9 de Montr\u00e9al<\/p>\n<p><strong>Adresse postale<\/strong><br \/>\nC.P. 6128, succursale Centre-Ville<br \/>\nMontr\u00e9al QC Canada H3C 3J7<br \/>\nT\u00e9l\u00e9phone : (514) 343-2245<br \/>\n<a href=\"mailto:sabine.mas@umontreal.ca\">sabine.mas@umontreal.ca<\/a><\/p>\n<h2><strong>Co-chercheuse<\/strong><\/h2>\n<p><strong>Dominique Maurel, Ph. D<\/strong><br \/>\nProfesseure adjointe<\/p>\n<p>Facult\u00e9 des arts des sciences<br \/>\n\u00c9cole de biblioth\u00e9conomie et des sciences de l&rsquo;information<br \/>\nUniversit\u00e9 de Montr\u00e9al<\/p>\n<p><strong>Adresse postale<\/strong><br \/>\nC.P. 6128, Succursale Centre-ville<br \/>\nMontr\u00e9al QC Canada H3C 3J7<br \/>\nT\u00e9l\u00e9phone : (514) 343-7204<br \/>\n<a href=\"mailto:dominique.maurel@umontreal.ca\">dominique.maurel@umontreal.ca<\/a><\/p>\n<h2><strong>Co-chercheuse<\/strong><\/h2>\n<p><strong>Inge Alberts, Ph. D<\/strong><br \/>\nProfesseure adjointe<\/p>\n<p>Facult\u00e9 des arts<br \/>\n\u00c9cole des sciences de l\u2019information<br \/>\nUniversit\u00e9 d&rsquo;Ottawa<\/p>\n<p><strong>Adresse civique<\/strong><br \/>\nPavillon Desmarais<br \/>\n55, av. Laurier Est,<br \/>\n11<sup>e<\/sup>\u00a0\u00e9tage, pi\u00e8ce 11105<br \/>\nOttawa ON Canada K1N 6N5<br \/>\nT\u00e9l\u00e9phone\u00a0: (613) 562-5800, ext. 7082<br \/>\n<a href=\"mailto:ialberts@uOttawa.ca\">ialberts@uOttawa.ca<\/a><\/p>\n<h2>Auxiliaires de recherche<\/h2>\n<p><strong>Dany Bouchard<\/strong><\/p>\n<p>Ma\u00eetrise en sciences de l&rsquo;information (M.B.S.I.)<\/p>\n<p>Facult\u00e9 des arts des sciences<br \/>\n\u00c9cole de biblioth\u00e9conomie et des sciences de l&rsquo;information<br \/>\nUniversit\u00e9 de Montr\u00e9al<\/p>\n<p><strong>Simon C\u00f4t\u00e9-Lapointe<\/strong><\/p>\n<p>Ma\u00eetrise en sciences de l&rsquo;information (M.S.I.)<\/p>\n<p>Facult\u00e9 des arts des sciences<br \/>\n\u00c9cole de biblioth\u00e9conomie et des sciences de l&rsquo;information<br \/>\nUniversit\u00e9 de Montr\u00e9al<\/p>\n<p><a href=\"mailto:simon.olivier.cote-lapointe@umontreal.ca\">simon.olivier.cote-lapointe@umontreal.ca<\/a><\/p>\n<p><strong>Aline Cr\u00e9deville<\/strong><\/p>\n<p>\u00c9tudiante au doctorat en sciences de l&rsquo;information (Ph. D)<\/p>\n<p>Facult\u00e9 des arts des sciences<br \/>\n\u00c9cole de biblioth\u00e9conomie et des sciences de l&rsquo;information<br \/>\nUniversit\u00e9 de Montr\u00e9al<\/p>\n<p><strong>Marie-Andr\u00e9e David<\/strong><\/p>\n<p>Ma\u00eetrise en sciences de l&rsquo;information (M.S.I.)<\/p>\n<p>Facult\u00e9 des arts des sciences<br \/>\n\u00c9cole de biblioth\u00e9conomie et des sciences de l&rsquo;information<br \/>\nUniversit\u00e9 de Montr\u00e9al<\/p>\n<p><strong>Alexis Robin-Brisebois<\/strong><\/p>\n<p>Ma\u00eetrise en sciences de l&rsquo;information (M.S.I.)<\/p>\n<p>Facult\u00e9 des arts des sciences<br \/>\n\u00c9cole de biblioth\u00e9conomie et des sciences de l&rsquo;information<br \/>\nUniversit\u00e9 de Montr\u00e9al<\/p>\n<p><strong>Julie Monette<\/strong><\/p>\n<p>Ma\u00eetrise en sciences de l&rsquo;information (M.S.I.)<\/p>\n<p>Facult\u00e9 des arts des sciences<br \/>\n\u00c9cole de biblioth\u00e9conomie et des sciences de l&rsquo;information<br \/>\nUniversit\u00e9 de Montr\u00e9al<\/p>\n<p><strong>H\u00e9l\u00e8ne Prat<\/strong><\/p>\n<p>Ma\u00eetrise en sciences de l&rsquo;information (M.S.I.)<\/p>\n<p>Facult\u00e9 des arts des sciences<br \/>\n\u00c9cole de biblioth\u00e9conomie et des sciences de l&rsquo;information<br \/>\nUniversit\u00e9 de Montr\u00e9al<\/p>\n<p><strong>Fran\u00e7ois Valcourt<\/strong><\/p>\n<p>Ma\u00eetrise en sciences de l&rsquo;information (M.S.I.)<\/p>\n<p>Facult\u00e9 des arts des sciences<br \/>\n\u00c9cole de biblioth\u00e9conomie et des sciences de l&rsquo;information<br \/>\nUniversit\u00e9 de Montr\u00e9al<\/p>\n<p><strong>Anna\u00eblle Winand<\/strong><\/p>\n<p>Ma\u00eetrise en sciences de l&rsquo;information (M.S.I.)<\/p>\n<p>Facult\u00e9 des arts des sciences<br \/>\n\u00c9cole de biblioth\u00e9conomie et des sciences de l&rsquo;information<br \/>\nUniversit\u00e9 de Montr\u00e9al<\/p>\n","protected":false},"excerpt":{"rendered":"<p>Chercheuse principale Sabine Mas, Ph. D Professeure agr\u00e9g\u00e9e Facult\u00e9 des arts des sciences \u00c9cole de biblioth\u00e9conomie et des sciences de l&rsquo;information Universit\u00e9 de Montr\u00e9al Adresse postale C.P. 6128, succursale Centre-Ville Montr\u00e9al QC Canada H3C 3J7 T\u00e9l\u00e9phone : (514) 343-2245 sabine.mas@umontreal.ca Co-chercheuse Dominique Maurel, Ph. D Professeure adjointe Facult\u00e9 des arts des sciences \u00c9cole de biblioth\u00e9conomie [&hellip;]<\/p>\n","protected":false},"author":1,"featured_media":0,"parent":0,"menu_order":7,"comment_status":"closed","ping_status":"closed","template":"","meta":{"footnotes":""},"class_list":["post-664","page","type-page","status-publish","hentry"],"_links":{"self":[{"href":"https:\/\/infran.ebsi.umontreal.ca\/index.php?rest_route=\/wp\/v2\/pages\/664","targetHints":{"allow":["GET"]}}],"collection":[{"href":"https:\/\/infran.ebsi.umontreal.ca\/index.php?rest_route=\/wp\/v2\/pages"}],"about":[{"href":"https:\/\/infran.ebsi.umontreal.ca\/index.php?rest_route=\/wp\/v2\/types\/page"}],"author":[{"embeddable":true,"href":"https:\/\/infran.ebsi.umontreal.ca\/index.php?rest_route=\/wp\/v2\/users\/1"}],"replies":[{"embeddable":true,"href":"https:\/\/infran.ebsi.umontreal.ca\/index.php?rest_route=%2Fwp%2Fv2%2Fcomments&post=664"}],"version-history":[{"count":13,"href":"https:\/\/infran.ebsi.umontreal.ca\/index.php?rest_route=\/wp\/v2\/pages\/664\/revisions"}],"predecessor-version":[{"id":1119,"href":"https:\/\/infran.ebsi.umontreal.ca\/index.php?rest_route=\/wp\/v2\/pages\/664\/revisions\/1119"}],"wp:attachment":[{"href":"https:\/\/infran.ebsi.umontreal.ca\/index.php?rest_route=%2Fwp%2Fv2%2Fmedia&parent=664"}],"curies":[{"name":"wp","href":"https:\/\/api.w.org\/{rel}","templated":true}]}}